{"id":2,"date":"2008-11-21T15:13:56","date_gmt":"2008-11-21T14:13:56","guid":{"rendered":"http:\/\/www.meineeier.de\/blog\/?page_id=2"},"modified":"2009-11-17T16:53:23","modified_gmt":"2009-11-17T15:53:23","slug":"about","status":"publish","type":"page","link":"http:\/\/www.meineeier.de\/?page_id=2","title":{"rendered":"Bourbon"},"content":{"rendered":"<p>Ein Wirt im Wilden Westen hatte einmal Probleme mit seinem Whisky-Lieferanten und wurde nicht mehr beliefert. Da die Nachfrage sehr hoch war, entschied er sich daf\u00fcr, seinen eigenen Whisky herzustellen. Dieses Ges\u00f6ff war allerdings so gr\u00e4sslich, dass er sich nicht traute es unter dem Namen Whisky anzubieten. Er bef\u00fcrchtete, dass einerseits seine Kunden protestieren und ihn lynchen w\u00fcrden, und andererseits, dass das schottische Whisky-Kartellamt ihn wegen Markendiebstahl und Diffamierung verklagen k\u00f6nnte.<\/p>\n<p>Deswegen verlangte er f\u00fcr das Gebr\u00e4u doppelt so viel Geld wie f\u00fcr das Original, erkl\u00e4rte allen, es handele sich hierbei um eine verbesserte amerikanische Version des Schottischen Erzeugnisses, und dachte sich einen Namen daf\u00fcr aus. Er nannte es Bourbon, was er vom alten Indianischen Wort &#8222;boor-bonn&#8220; abgeleitet hatte, was so viel bedeutet wie &#8222;meine Eier&#8220;.<\/p>\n","protected":false},"excerpt":{"rendered":"<p>Ein Wirt im Wilden Westen hatte einmal Probleme mit seinem Whisky-Lieferanten und wurde nicht mehr beliefert. Da die Nachfrage sehr hoch war, entschied er sich daf\u00fcr, seinen eigenen Whisky herzustellen. Dieses Ges\u00f6ff war allerdings so gr\u00e4sslich, dass er sich nicht traute es unter dem Namen Whisky anzubieten. Er bef\u00fcrchtete, dass einerseits seine Kunden protestieren und [&hellip;]<\/p>\n","protected":false},"author":1,"featured_media":0,"parent":0,"menu_order":0,"comment_status":"closed","ping_status":"open","template":"","meta":{"footnotes":""},"class_list":["post-2","page","type-page","status-publish","hentry"],"_links":{"self":[{"href":"http:\/\/www.meineeier.de\/index.php?rest_route=\/wp\/v2\/pages\/2","targetHints":{"allow":["GET"]}}],"collection":[{"href":"http:\/\/www.meineeier.de\/index.php?rest_route=\/wp\/v2\/pages"}],"about":[{"href":"http:\/\/www.meineeier.de\/index.php?rest_route=\/wp\/v2\/types\/page"}],"author":[{"embeddable":true,"href":"http:\/\/www.meineeier.de\/index.php?rest_route=\/wp\/v2\/users\/1"}],"replies":[{"embeddable":true,"href":"http:\/\/www.meineeier.de\/index.php?rest_route=%2Fwp%2Fv2%2Fcomments&post=2"}],"version-history":[{"count":3,"href":"http:\/\/www.meineeier.de\/index.php?rest_route=\/wp\/v2\/pages\/2\/revisions"}],"predecessor-version":[{"id":3,"href":"http:\/\/www.meineeier.de\/index.php?rest_route=\/wp\/v2\/pages\/2\/revisions\/3"}],"wp:attachment":[{"href":"http:\/\/www.meineeier.de\/index.php?rest_route=%2Fwp%2Fv2%2Fmedia&parent=2"}],"curies":[{"name":"wp","href":"https:\/\/api.w.org\/{rel}","templated":true}]}}